{"id":2039,"date":"2023-05-11T08:16:53","date_gmt":"2023-05-11T12:16:53","guid":{"rendered":"https:\/\/entrepriseecampeau.ca\/plantation-arbres\/"},"modified":"2024-02-28T09:28:02","modified_gmt":"2024-02-28T14:28:02","slug":"tree-planting","status":"publish","type":"page","link":"https:\/\/entrepriseecampeau.ca\/en\/tree-planting\/","title":{"rendered":"Tree planting"},"content":{"rendered":"<div class=\"wpb-content-wrapper\">[mk_page_section bg_image=&#8221;https:\/\/entrepriseecampeau.ca\/wp-content\/uploads\/plantation-arbres-opt.jpg&#8221; bg_position=&#8221;center center&#8221; bg_repeat=&#8221;no-repeat&#8221; bg_stretch=&#8221;true&#8221; enable_3d=&#8221;true&#8221; bg_gradient=&#8221;left_bottom&#8221; video_color_mask=&#8221;rgba(0,0,0,0.68)&#8221; gr_end=&#8221;rgba(0,0,0,0)&#8221; video_opacity=&#8221;1&#8243; min_height=&#8221;400&#8243; js_vertical_centered=&#8221;true&#8221; padding_top=&#8221;90&#8243; padding_bottom=&#8221;90&#8243; sidebar=&#8221;sidebar-1&#8243;][vc_column width=&#8221;2\/3&#8243;][mk_padding_divider size=&#8221;120&#8243; visibility=&#8221;hidden-sm&#8221;][mk_padding_divider size=&#8221;90&#8243; visibility=&#8221;hidden-sm&#8221;][mk_fancy_title tag_name=&#8221;h1&#8243; color=&#8221;#ffffff&#8221; size=&#8221;65&#8243; force_font_size=&#8221;true&#8221; size_smallscreen=&#8221;55&#8243; size_tablet=&#8221;40&#8243; size_phone=&#8221;29&#8243; font_weight=&#8221;bold&#8221; font_family=&#8221;none&#8221;]The tree planting experts[\/mk_fancy_title][mk_button dimension=&#8221;flat&#8221; size=&#8221;large&#8221; url=&#8221;tel:+15148650860&#8243; margin_bottom=&#8221;0&#8243; margin_right=&#8221;0&#8243; bg_color=&#8221;#60bb46&#8243; btn_hover_bg=&#8221;#5bd13a&#8221; btn_hover_txt_color=&#8221;#ffffff&#8221;]514-865-0860[\/mk_button][mk_padding_divider size=&#8221;90&#8243; visibility=&#8221;hidden-sm&#8221;][\/vc_column][vc_column width=&#8221;1\/3&#8243;][\/vc_column][\/mk_page_section][mk_page_section bg_color=&#8221;#000000&#8243; bg_stretch=&#8221;true&#8221; min_height=&#8221;0&#8243; padding_top=&#8221;140&#8243; padding_bottom=&#8221;140&#8243; first_page=&#8221;false&#8221; last_page=&#8221;false&#8221; sidebar=&#8221;sidebar-1&#8243;][vc_column][mk_fancy_title size=&#8221;65&#8243; force_font_size=&#8221;true&#8221; size_smallscreen=&#8221;50&#8243; size_tablet=&#8221;40&#8243; size_phone=&#8221;29&#8243; margin_bottom=&#8221;0&#8243; font_family=&#8221;Exo&#8221; font_type=&#8221;google&#8221;]Your tree planting specialists<br \/>\n[\/mk_fancy_title][mk_divider style=&#8221;thin_solid&#8221; divider_width=&#8221;custom_width&#8221; custom_width=&#8221;65&#8243; align=&#8221;left&#8221; thin_single_color=&#8221;#60bb46&#8243; thickness=&#8221;3&#8243; margin_top=&#8221;10&#8243; margin_bottom=&#8221;60&#8243;][vc_row_inner][vc_column_inner width=&#8221;1\/2&#8243;][vc_column_text css=&#8221;.vc_custom_1692895989724{margin-bottom: 0px !important;}&#8221;]At Entreprise E Campeau Inc. we offer you a high quality <em>tree planting<\/em> service at competitive prices. Indeed, for our professionals, planting trees is as important as their maintenance, whether it is <a href=\"https:\/\/entrepriseecampeau.ca\/en\/tree-felling\/\" target=\"_blank\" rel=\"noopener\">felling<\/a>, <a href=\"https:\/\/entrepriseecampeau.ca\/en\/tree-trimming\/\" target=\"_blank\" rel=\"noopener\">tree trimming<\/a>, because the health of your trees is a priority for us. In addition, with our love for nature, we are committed to providing you with <strong>tree planting<\/strong> work that respects the environment, adapted to your needs, impeccable and of high quality. Did you know that by planting a tree you contribute to the health of the planet and all the living beings that inhabit it? Indeed, by having a tree planted by the specialists of Entreprise E Campeau Inc., you not only improve the environment, but you also derive many advantages such as shade on your property, increased privacy , a higher resale value of your residence, the improvement of your mental well-being, the production of fruit if your trees are fruit trees and many others. At Entreprise E Campeau Inc. we will be happy to advise you on the choice of trees you wish to plant.[\/vc_column_text][\/vc_column_inner][vc_column_inner width=&#8221;1\/2&#8243;][vc_column_text css=&#8221;.vc_custom_1692895813850{margin-bottom: 0px !important;}&#8221;]Indeed, before planting a tree, you must choose them very precisely according to several criteria such as the appearance of the tree at maturity, its shape, its height, its size, the space it will need as an adult, the type of tree that suits your landscape (coniferous or deciduous), the use you want to give your tree, etc. Thus, we guarantee you an outstanding and durable work that you will be able to appreciate for many years. In addition, our professionals take into account the position of the cables of the underground networks of the public services so as not to damage them when they go to dig as well as the governmental and municipal standards in force. In order to provide our customers with trees of excellent quality, we mainly source our supplies from the <a href=\"https:\/\/www.jardin2m.com\/\" target=\"_blank\" rel=\"noopener\">Centre du jardin Deux-Montagnes<\/a>. Indeed, they have a wide choice of trees and various top quality species. At Entreprise E Campeau Inc., we are a member of the <a href=\"https:\/\/www.siaq.org\/en\" target=\"_blank\" rel=\"noopener\">Soci\u00e9t\u00e9 Internationale D\u2019Arboriculture Du Qu\u00e9bec<\/a>, which represents a guarantee of safety and quality for our customers.[\/vc_column_text][\/vc_column_inner][\/vc_row_inner][mk_gallery images=&#8221;1856,1858,1860,1862,1864,1866,1870,1872,1874,1876,1878,1880,1882,1884,1886,1888,1894,1896,1902,1904,1906,1908,1914,1916,1918,1920,1922,1924,1928,1930,1932,1936,1940,1946,1948,1950,1952,1954,1956,1958,1960,1962,1964,1966,1970,1972,1974,1976,1978&#8243; style=&#8221;style3&#8243; height=&#8221;150&#8243; hover_scenarios=&#8221;overlay_layer&#8221; orderby=&#8221;rand&#8221;][\/vc_column][\/mk_page_section][mk_page_section bg_image=&#8221;https:\/\/entrepriseecampeau.ca\/wp-content\/uploads\/plantation-arbres-opt.jpg&#8221; bg_color=&#8221;#3f3934&#8243; attachment=&#8221;fixed&#8221; bg_position=&#8221;center center&#8221; bg_repeat=&#8221;no-repeat&#8221; bg_stretch=&#8221;true&#8221; video_color_mask=&#8221;#000000&#8243; video_opacity=&#8221;0.65&#8243; min_height=&#8221;0&#8243; padding_top=&#8221;140&#8243; padding_bottom=&#8221;100&#8243; first_page=&#8221;false&#8221; last_page=&#8221;false&#8221; sidebar=&#8221;sidebar-1&#8243;][vc_column width=&#8221;1\/6&#8243;][\/vc_column][vc_column width=&#8221;2\/3&#8243;][mk_fancy_title color=&#8221;#ffffff&#8221; size=&#8221;55&#8243; force_font_size=&#8221;true&#8221; size_smallscreen=&#8221;52&#8243; size_tablet=&#8221;42&#8243; size_phone=&#8221;29&#8243; margin_bottom=&#8221;0&#8243; font_family=&#8221;Exo&#8221; font_type=&#8221;google&#8221; align=&#8221;center&#8221;]<b>Looking for a tree planting expert?<\/b>[\/mk_fancy_title][vc_column_text disable_pattern=&#8221;false&#8221; align=&#8221;center&#8221; css=&#8221;.vc_custom_1692895644630{margin-bottom: 0px !important;}&#8221;]We carry out our tree planting work in Mirabel, Laval as well as in the cities of the Laurentians and the North Shore of Montreal such as Blainville, St-Eustache, St-Colomban, Lachute, Deux-Montagnes, Saint-J\u00e9r\u00f4me , Sainte-Th\u00e9r\u00e8se, Lorraine, Bois-des-Filion, Rosem\u00e8re, etc.[\/vc_column_text][mk_button dimension=&#8221;flat&#8221; corner_style=&#8221;full_rounded&#8221; size=&#8221;x-large&#8221; url=&#8221;https:\/\/entrepriseecampeau.ca\/en\/contact-us\/&#8221; align=&#8221;center&#8221; margin_bottom=&#8221;0&#8243; margin_right=&#8221;5&#8243; bg_color=&#8221;#60bb46&#8243; btn_hover_bg=&#8221;#60bb46&#8243; btn_hover_txt_color=&#8221;#ffffff&#8221;]Contact us[\/mk_button][\/vc_column][vc_column width=&#8221;1\/6&#8243;][\/vc_column][\/mk_page_section]\n<\/div>","protected":false},"excerpt":{"rendered":"<p>[mk_page_section bg_image=&#8221;https:\/\/entrepriseecampeau.ca\/wp-content\/uploads\/plantation-arbres-opt.jpg&#8221; bg_position=&#8221;center center&#8221; bg_repeat=&#8221;no-repeat&#8221; bg_stretch=&#8221;true&#8221; enable_3d=&#8221;true&#8221; bg_gradient=&#8221;left_bottom&#8221; video_color_mask=&#8221;rgba(0,0,0,0.68)&#8221; gr_end=&#8221;rgba(0,0,0,0)&#8221; video_opacity=&#8221;1&#8243; min_height=&#8221;400&#8243; js_vertical_centered=&#8221;true&#8221; padding_top=&#8221;90&#8243; padding_bottom=&#8221;90&#8243; sidebar=&#8221;sidebar-1&#8243;][vc_column width=&#8221;2\/3&#8243;][mk_padding_divider size=&#8221;120&#8243; visibility=&#8221;hidden-sm&#8221;][mk_padding_divider size=&#8221;90&#8243; visibility=&#8221;hidden-sm&#8221;][mk_fancy_title tag_name=&#8221;h1&#8243; color=&#8221;#ffffff&#8221; size=&#8221;65&#8243; force_font_size=&#8221;true&#8221; size_smallscreen=&#8221;55&#8243; size_tablet=&#8221;40&#8243; size_phone=&#8221;29&#8243; font_weight=&#8221;bold&#8221; font_family=&#8221;none&#8221;]The tree planting experts[\/mk_fancy_title][mk_button dimension=&#8221;flat&#8221; size=&#8221;large&#8221; url=&#8221;tel:+15148650860&#8243; margin_bottom=&#8221;0&#8243; margin_right=&#8221;0&#8243; bg_color=&#8221;#60bb46&#8243; btn_hover_bg=&#8221;#5bd13a&#8221; btn_hover_txt_color=&#8221;#ffffff&#8221;]514-865-0860[\/mk_button][mk_padding_divider size=&#8221;90&#8243; visibility=&#8221;hidden-sm&#8221;][\/vc_column][vc_column width=&#8221;1\/3&#8243;][\/vc_column][\/mk_page_section][mk_page_section bg_color=&#8221;#000000&#8243; bg_stretch=&#8221;true&#8221; min_height=&#8221;0&#8243; padding_top=&#8221;140&#8243; padding_bottom=&#8221;140&#8243; first_page=&#8221;false&#8221; last_page=&#8221;false&#8221; sidebar=&#8221;sidebar-1&#8243;][vc_column][mk_fancy_title size=&#8221;65&#8243; force_font_size=&#8221;true&#8221; size_smallscreen=&#8221;50&#8243; [&hellip;]<\/p>\n","protected":false},"author":17,"featured_media":1846,"parent":0,"menu_order":0,"comment_status":"open","ping_status":"closed","template":"","meta":{"footnotes":""},"class_list":["post-2039","page","type-page","status-publish","has-post-thumbnail","hentry"],"yoast_head":"<!-- This site is optimized with the Yoast SEO Premium plugin v26.8 (Yoast SEO v27.2) - https:\/\/yoast.com\/product\/yoast-seo-premium-wordpress\/ -->\n<title>Tree Planting \u23b8Entreprise E Campeau Inc.<\/title>\n<meta name=\"description\" content=\"Entreprise E Campeau Inc. offers you a high-quality tree planting service in Mirabel, Laval, the Laurentides and the North Shore of Montreal.\" \/>\n<meta name=\"robots\" content=\"index, follow, max-snippet:-1, max-image-preview:large, max-video-preview:-1\" \/>\n<link rel=\"canonical\" href=\"https:\/\/entrepriseecampeau.ca\/en\/tree-planting\/\" \/>\n<meta property=\"og:locale\" content=\"en_US\" \/>\n<meta property=\"og:type\" content=\"article\" \/>\n<meta property=\"og:title\" content=\"Tree planting\" \/>\n<meta property=\"og:description\" content=\"Entreprise E Campeau Inc. offers you a high-quality tree planting service in Mirabel, Laval, the Laurentides and the North Shore of Montreal.\" \/>\n<meta property=\"og:url\" content=\"https:\/\/entrepriseecampeau.ca\/en\/tree-planting\/\" \/>\n<meta property=\"og:site_name\" content=\"Entreprise E Campeau Inc.\" \/>\n<meta property=\"article:publisher\" content=\"https:\/\/www.facebook.com\/entrepriseecampeau\" \/>\n<meta property=\"article:modified_time\" content=\"2024-02-28T14:28:02+00:00\" \/>\n<meta property=\"og:image\" content=\"https:\/\/entrepriseecampeau.ca\/wp-content\/uploads\/plantation-arbres-opt.jpg\" \/>\n\t<meta property=\"og:image:width\" content=\"2049\" \/>\n\t<meta property=\"og:image:height\" content=\"1536\" \/>\n\t<meta property=\"og:image:type\" content=\"image\/jpeg\" \/>\n<meta name=\"twitter:card\" content=\"summary_large_image\" \/>\n<meta name=\"twitter:label1\" content=\"Est. reading time\" \/>\n\t<meta name=\"twitter:data1\" content=\"3 minutes\" \/>\n<script type=\"application\/ld+json\" class=\"yoast-schema-graph\">{\"@context\":\"https:\/\/schema.org\",\"@graph\":[{\"@type\":\"WebPage\",\"@id\":\"https:\/\/entrepriseecampeau.ca\/en\/tree-planting\/\",\"url\":\"https:\/\/entrepriseecampeau.ca\/en\/tree-planting\/\",\"name\":\"Tree Planting \u23b8Entreprise E Campeau Inc.\",\"isPartOf\":{\"@id\":\"https:\/\/entrepriseecampeau.ca\/#website\"},\"primaryImageOfPage\":{\"@id\":\"https:\/\/entrepriseecampeau.ca\/en\/tree-planting\/#primaryimage\"},\"image\":{\"@id\":\"https:\/\/entrepriseecampeau.ca\/en\/tree-planting\/#primaryimage\"},\"thumbnailUrl\":\"https:\/\/entrepriseecampeau.ca\/wp-content\/uploads\/plantation-arbres-opt.jpg\",\"datePublished\":\"2023-05-11T12:16:53+00:00\",\"dateModified\":\"2024-02-28T14:28:02+00:00\",\"description\":\"Entreprise E Campeau Inc. offers you a high-quality tree planting service in Mirabel, Laval, the Laurentides and the North Shore of Montreal.\",\"breadcrumb\":{\"@id\":\"https:\/\/entrepriseecampeau.ca\/en\/tree-planting\/#breadcrumb\"},\"inLanguage\":\"en-CA\",\"potentialAction\":[{\"@type\":\"ReadAction\",\"target\":[\"https:\/\/entrepriseecampeau.ca\/en\/tree-planting\/\"]}]},{\"@type\":\"ImageObject\",\"inLanguage\":\"en-CA\",\"@id\":\"https:\/\/entrepriseecampeau.ca\/en\/tree-planting\/#primaryimage\",\"url\":\"https:\/\/entrepriseecampeau.ca\/wp-content\/uploads\/plantation-arbres-opt.jpg\",\"contentUrl\":\"https:\/\/entrepriseecampeau.ca\/wp-content\/uploads\/plantation-arbres-opt.jpg\",\"width\":2049,\"height\":1536,\"caption\":\"Plantation d'arbres\"},{\"@type\":\"BreadcrumbList\",\"@id\":\"https:\/\/entrepriseecampeau.ca\/en\/tree-planting\/#breadcrumb\",\"itemListElement\":[{\"@type\":\"ListItem\",\"position\":1,\"name\":\"Home\",\"item\":\"https:\/\/entrepriseecampeau.ca\/en\/\"},{\"@type\":\"ListItem\",\"position\":2,\"name\":\"Tree planting\"}]},{\"@type\":\"WebSite\",\"@id\":\"https:\/\/entrepriseecampeau.ca\/#website\",\"url\":\"https:\/\/entrepriseecampeau.ca\/\",\"name\":\"Entreprise E Campeau Inc.\",\"description\":\"\",\"publisher\":{\"@id\":\"https:\/\/entrepriseecampeau.ca\/#organization\"},\"potentialAction\":[{\"@type\":\"SearchAction\",\"target\":{\"@type\":\"EntryPoint\",\"urlTemplate\":\"https:\/\/entrepriseecampeau.ca\/?s={search_term_string}\"},\"query-input\":{\"@type\":\"PropertyValueSpecification\",\"valueRequired\":true,\"valueName\":\"search_term_string\"}}],\"inLanguage\":\"en-CA\"},{\"@type\":\"Organization\",\"@id\":\"https:\/\/entrepriseecampeau.ca\/#organization\",\"name\":\"Entreprise E Campeau Inc.\",\"url\":\"https:\/\/entrepriseecampeau.ca\/\",\"logo\":{\"@type\":\"ImageObject\",\"inLanguage\":\"en-CA\",\"@id\":\"https:\/\/entrepriseecampeau.ca\/#\/schema\/logo\/image\/\",\"url\":\"https:\/\/entrepriseecampeau.ca\/wp-content\/uploads\/rond-seul-angle.png\",\"contentUrl\":\"https:\/\/entrepriseecampeau.ca\/wp-content\/uploads\/rond-seul-angle.png\",\"width\":288,\"height\":288,\"caption\":\"Entreprise E Campeau Inc.\"},\"image\":{\"@id\":\"https:\/\/entrepriseecampeau.ca\/#\/schema\/logo\/image\/\"},\"sameAs\":[\"https:\/\/www.facebook.com\/entrepriseecampeau\",\"https:\/\/www.instagram.com\/entreprise_e_campeau\/?hl=fr-ca\",\"https:\/\/www.youtube.com\/channel\/UCi95t7AqYfwj1isPUavoMbA?view_as=subscriber\"]}]}<\/script>\n<!-- \/ Yoast SEO Premium plugin. -->","yoast_head_json":{"title":"Tree Planting \u23b8Entreprise E Campeau Inc.","description":"Entreprise E Campeau Inc. offers you a high-quality tree planting service in Mirabel, Laval, the Laurentides and the North Shore of Montreal.","robots":{"index":"index","follow":"follow","max-snippet":"max-snippet:-1","max-image-preview":"max-image-preview:large","max-video-preview":"max-video-preview:-1"},"canonical":"https:\/\/entrepriseecampeau.ca\/en\/tree-planting\/","og_locale":"en_US","og_type":"article","og_title":"Tree planting","og_description":"Entreprise E Campeau Inc. offers you a high-quality tree planting service in Mirabel, Laval, the Laurentides and the North Shore of Montreal.","og_url":"https:\/\/entrepriseecampeau.ca\/en\/tree-planting\/","og_site_name":"Entreprise E Campeau Inc.","article_publisher":"https:\/\/www.facebook.com\/entrepriseecampeau","article_modified_time":"2024-02-28T14:28:02+00:00","og_image":[{"width":2049,"height":1536,"url":"https:\/\/entrepriseecampeau.ca\/wp-content\/uploads\/plantation-arbres-opt.jpg","type":"image\/jpeg"}],"twitter_card":"summary_large_image","twitter_misc":{"Est. reading time":"3 minutes"},"schema":{"@context":"https:\/\/schema.org","@graph":[{"@type":"WebPage","@id":"https:\/\/entrepriseecampeau.ca\/en\/tree-planting\/","url":"https:\/\/entrepriseecampeau.ca\/en\/tree-planting\/","name":"Tree Planting \u23b8Entreprise E Campeau Inc.","isPartOf":{"@id":"https:\/\/entrepriseecampeau.ca\/#website"},"primaryImageOfPage":{"@id":"https:\/\/entrepriseecampeau.ca\/en\/tree-planting\/#primaryimage"},"image":{"@id":"https:\/\/entrepriseecampeau.ca\/en\/tree-planting\/#primaryimage"},"thumbnailUrl":"https:\/\/entrepriseecampeau.ca\/wp-content\/uploads\/plantation-arbres-opt.jpg","datePublished":"2023-05-11T12:16:53+00:00","dateModified":"2024-02-28T14:28:02+00:00","description":"Entreprise E Campeau Inc. offers you a high-quality tree planting service in Mirabel, Laval, the Laurentides and the North Shore of Montreal.","breadcrumb":{"@id":"https:\/\/entrepriseecampeau.ca\/en\/tree-planting\/#breadcrumb"},"inLanguage":"en-CA","potentialAction":[{"@type":"ReadAction","target":["https:\/\/entrepriseecampeau.ca\/en\/tree-planting\/"]}]},{"@type":"ImageObject","inLanguage":"en-CA","@id":"https:\/\/entrepriseecampeau.ca\/en\/tree-planting\/#primaryimage","url":"https:\/\/entrepriseecampeau.ca\/wp-content\/uploads\/plantation-arbres-opt.jpg","contentUrl":"https:\/\/entrepriseecampeau.ca\/wp-content\/uploads\/plantation-arbres-opt.jpg","width":2049,"height":1536,"caption":"Plantation d'arbres"},{"@type":"BreadcrumbList","@id":"https:\/\/entrepriseecampeau.ca\/en\/tree-planting\/#breadcrumb","itemListElement":[{"@type":"ListItem","position":1,"name":"Home","item":"https:\/\/entrepriseecampeau.ca\/en\/"},{"@type":"ListItem","position":2,"name":"Tree planting"}]},{"@type":"WebSite","@id":"https:\/\/entrepriseecampeau.ca\/#website","url":"https:\/\/entrepriseecampeau.ca\/","name":"Entreprise E Campeau Inc.","description":"","publisher":{"@id":"https:\/\/entrepriseecampeau.ca\/#organization"},"potentialAction":[{"@type":"SearchAction","target":{"@type":"EntryPoint","urlTemplate":"https:\/\/entrepriseecampeau.ca\/?s={search_term_string}"},"query-input":{"@type":"PropertyValueSpecification","valueRequired":true,"valueName":"search_term_string"}}],"inLanguage":"en-CA"},{"@type":"Organization","@id":"https:\/\/entrepriseecampeau.ca\/#organization","name":"Entreprise E Campeau Inc.","url":"https:\/\/entrepriseecampeau.ca\/","logo":{"@type":"ImageObject","inLanguage":"en-CA","@id":"https:\/\/entrepriseecampeau.ca\/#\/schema\/logo\/image\/","url":"https:\/\/entrepriseecampeau.ca\/wp-content\/uploads\/rond-seul-angle.png","contentUrl":"https:\/\/entrepriseecampeau.ca\/wp-content\/uploads\/rond-seul-angle.png","width":288,"height":288,"caption":"Entreprise E Campeau Inc."},"image":{"@id":"https:\/\/entrepriseecampeau.ca\/#\/schema\/logo\/image\/"},"sameAs":["https:\/\/www.facebook.com\/entrepriseecampeau","https:\/\/www.instagram.com\/entreprise_e_campeau\/?hl=fr-ca","https:\/\/www.youtube.com\/channel\/UCi95t7AqYfwj1isPUavoMbA?view_as=subscriber"]}]}},"_links":{"self":[{"href":"https:\/\/entrepriseecampeau.ca\/en\/wp-json\/wp\/v2\/pages\/2039","targetHints":{"allow":["GET"]}}],"collection":[{"href":"https:\/\/entrepriseecampeau.ca\/en\/wp-json\/wp\/v2\/pages"}],"about":[{"href":"https:\/\/entrepriseecampeau.ca\/en\/wp-json\/wp\/v2\/types\/page"}],"author":[{"embeddable":true,"href":"https:\/\/entrepriseecampeau.ca\/en\/wp-json\/wp\/v2\/users\/17"}],"replies":[{"embeddable":true,"href":"https:\/\/entrepriseecampeau.ca\/en\/wp-json\/wp\/v2\/comments?post=2039"}],"version-history":[{"count":2,"href":"https:\/\/entrepriseecampeau.ca\/en\/wp-json\/wp\/v2\/pages\/2039\/revisions"}],"predecessor-version":[{"id":2041,"href":"https:\/\/entrepriseecampeau.ca\/en\/wp-json\/wp\/v2\/pages\/2039\/revisions\/2041"}],"wp:featuredmedia":[{"embeddable":true,"href":"https:\/\/entrepriseecampeau.ca\/en\/wp-json\/wp\/v2\/media\/1846"}],"wp:attachment":[{"href":"https:\/\/entrepriseecampeau.ca\/en\/wp-json\/wp\/v2\/media?parent=2039"}],"curies":[{"name":"wp","href":"https:\/\/api.w.org\/{rel}","templated":true}]}}